{"id":1052,"date":"2026-04-11T06:23:01","date_gmt":"2026-04-11T06:23:01","guid":{"rendered":"https:\/\/www.gris.fr\/fr\/?page_id=1052"},"modified":"2026-04-11T06:23:01","modified_gmt":"2026-04-11T06:23:01","slug":"mentions-legales","status":"publish","type":"page","link":"https:\/\/www.gris.fr\/fr\/mentions-legales\/","title":{"rendered":"mentions legales"},"content":{"rendered":"<p>&nbsp;<\/p>\n<style>\n        body {<br \/>\n            font-family: Arial, sans-serif;<br \/>\n            max-width: 800px;<br \/>\n            margin: 50px auto;<br \/>\n            padding: 20px;<br \/>\n            line-height: 1.6;<br \/>\n            color: #333;<br \/>\n        }<br \/>\n        h1 {<br \/>\n            color: #2196F3;<br \/>\n            border-bottom: 2px solid #2196F3;<br \/>\n            padding-bottom: 10px;<br \/>\n        }<br \/>\n        h2 {<br \/>\n            color: #555;<br \/>\n            margin-top: 30px;<br \/>\n        }<br \/>\n    <\/style>\n<p>&nbsp;<\/p>\n<h1>Mentions L\u00e9gales<\/h1>\n<h2>\u00c9diteur du site<\/h2>\n<p><strong>S.A.R.L. GRIS<\/strong><br \/>\n2 Impasse des Pierrailles<br \/>\n43100 Cohade, France<br \/>\nT\u00e9l\u00e9phone : 04.71.50.47.40<br \/>\nSIREN : 538 101 312<br \/>\nRCS : Puy-en-Velay<\/p>\n<h2>Directeur de la publication<\/h2>\n<p>Fabien Gris, Responsable du site<\/p>\n<h2>H\u00e9bergement<\/h2>\n<p>o2switch<br \/>\n222 Boulevard Gustave Flaubert<br \/>\n63000 Clermont-Ferrand, France<br \/>\nwww.o2switch.fr<\/p>\n<h2>Propri\u00e9t\u00e9 intellectuelle<\/h2>\n<p>L&rsquo;ensemble du contenu de ce site (textes, images, vid\u00e9os) est la propri\u00e9t\u00e9 exclusive de la S.A.R.L. GRIS ou de ses partenaires. Toute reproduction, m\u00eame partielle, est interdite sans autorisation pr\u00e9alable.<\/p>\n<h2>Protection des donn\u00e9es personnelles<\/h2>\n<p>Conform\u00e9ment au R\u00e8glement G\u00e9n\u00e9ral sur la Protection des Donn\u00e9es (RGPD), vous disposez d&rsquo;un droit d&rsquo;acc\u00e8s, de rectification et de suppression des donn\u00e9es vous concernant. Pour exercer ce droit, contactez-nous \u00e0 l&rsquo;adresse indiqu\u00e9e ci-dessus.<\/p>\n<h2>Cookies<\/h2>\n<p>Ce site utilise des cookies pour am\u00e9liorer l&rsquo;exp\u00e9rience utilisateur et analyser le trafic. En continuant votre navigation, vous acceptez l&rsquo;utilisation de ces cookies.<\/p>\n<p style=\"margin-top: 50px; color: #888; font-size: 12px;\">Derni\u00e8re mise \u00e0 jour : Avril 2026<\/p>\n<p>&nbsp;<\/p>\n","protected":false},"excerpt":{"rendered":"<p>&nbsp; &nbsp; Mentions L\u00e9gales \u00c9diteur du site S.A.R.L. GRIS 2 Impasse des Pierrailles 43100 Cohade, France T\u00e9l\u00e9phone : 04.71.50.47.40 SIREN : 538 101 312 RCS : Puy-en-Velay Directeur de la publication Fabien Gris, Responsable du site H\u00e9bergement o2switch 222 Boulevard Gustave Flaubert 63000 Clermont-Ferrand, France www.o2switch.fr Propri\u00e9t\u00e9 intellectuelle L&rsquo;ensemble du contenu de ce site (textes, &#8230; <a title=\"mentions legales\" class=\"read-more\" href=\"https:\/\/www.gris.fr\/fr\/mentions-legales\/\" aria-label=\"En savoir plus sur mentions legales\">Lire la suite<\/a><\/p>\n","protected":false},"author":1,"featured_media":0,"parent":0,"menu_order":0,"comment_status":"closed","ping_status":"closed","template":"","meta":{"content-type":"","_monsterinsights_skip_tracking":false,"_monsterinsights_sitenote_active":false,"_monsterinsights_sitenote_note":"","_monsterinsights_sitenote_category":0,"footnotes":""},"class_list":["post-1052","page","type-page","status-publish"],"yoast_head":"<!-- This site is optimized with the Yoast SEO plugin v27.4 - https:\/\/yoast.com\/product\/yoast-seo-wordpress\/ -->\n<title>mentions legales - Gris Constructeur Francais de machine \u00e0 glace \u00e0 l&#039;italienne<\/title>\n<meta name=\"robots\" content=\"index, follow, max-snippet:-1, max-image-preview:large, max-video-preview:-1\" \/>\n<link rel=\"canonical\" href=\"https:\/\/www.gris.fr\/fr\/mentions-legales\/\" \/>\n<meta property=\"og:locale\" content=\"fr_FR\" \/>\n<meta property=\"og:type\" content=\"article\" \/>\n<meta property=\"og:title\" content=\"mentions legales - Gris Constructeur Francais de machine \u00e0 glace \u00e0 l&#039;italienne\" \/>\n<meta property=\"og:description\" content=\"&nbsp; &nbsp; Mentions L\u00e9gales \u00c9diteur du site S.A.R.L. GRIS 2 Impasse des Pierrailles 43100 Cohade, France T\u00e9l\u00e9phone : 04.71.50.47.40 SIREN : 538 101 312 RCS : Puy-en-Velay Directeur de la publication Fabien Gris, Responsable du site H\u00e9bergement o2switch 222 Boulevard Gustave Flaubert 63000 Clermont-Ferrand, France www.o2switch.fr Propri\u00e9t\u00e9 intellectuelle L&rsquo;ensemble du contenu de ce site (textes, ... Lire la suite\" \/>\n<meta property=\"og:url\" content=\"https:\/\/www.gris.fr\/fr\/mentions-legales\/\" \/>\n<meta property=\"og:site_name\" content=\"Gris Constructeur Francais de machine \u00e0 glace \u00e0 l&#039;italienne\" \/>\n<meta property=\"og:image\" content=\"https:\/\/www.gris.fr\/fr\/wp-content\/uploads\/2024\/03\/logo-Gris-machine-a-glace-a-litalienne.jpg\" \/>\n\t<meta property=\"og:image:width\" content=\"500\" \/>\n\t<meta property=\"og:image:height\" content=\"500\" \/>\n\t<meta property=\"og:image:type\" content=\"image\/jpeg\" \/>\n<meta name=\"twitter:card\" content=\"summary_large_image\" \/>\n<meta name=\"twitter:label1\" content=\"Dur\u00e9e de lecture estim\u00e9e\" \/>\n\t<meta name=\"twitter:data1\" content=\"1 minute\" \/>\n<script type=\"application\/ld+json\" class=\"yoast-schema-graph\">{\"@context\":\"https:\\\/\\\/schema.org\",\"@graph\":[{\"@type\":\"WebPage\",\"@id\":\"https:\\\/\\\/www.gris.fr\\\/fr\\\/mentions-legales\\\/\",\"url\":\"https:\\\/\\\/www.gris.fr\\\/fr\\\/mentions-legales\\\/\",\"name\":\"mentions legales - Gris Constructeur Francais de machine \u00e0 glace \u00e0 l&#039;italienne\",\"isPartOf\":{\"@id\":\"https:\\\/\\\/www.gris.fr\\\/fr\\\/#website\"},\"datePublished\":\"2026-04-11T06:23:01+00:00\",\"breadcrumb\":{\"@id\":\"https:\\\/\\\/www.gris.fr\\\/fr\\\/mentions-legales\\\/#breadcrumb\"},\"inLanguage\":\"fr-FR\",\"potentialAction\":[{\"@type\":\"ReadAction\",\"target\":[\"https:\\\/\\\/www.gris.fr\\\/fr\\\/mentions-legales\\\/\"]}]},{\"@type\":\"BreadcrumbList\",\"@id\":\"https:\\\/\\\/www.gris.fr\\\/fr\\\/mentions-legales\\\/#breadcrumb\",\"itemListElement\":[{\"@type\":\"ListItem\",\"position\":1,\"name\":\"Accueil\",\"item\":\"https:\\\/\\\/www.gris.fr\\\/fr\\\/\"},{\"@type\":\"ListItem\",\"position\":2,\"name\":\"mentions legales\"}]},{\"@type\":\"WebSite\",\"@id\":\"https:\\\/\\\/www.gris.fr\\\/fr\\\/#website\",\"url\":\"https:\\\/\\\/www.gris.fr\\\/fr\\\/\",\"name\":\"Gris Machine \u00e0 glace \u00e0 l'italienne , turbine \u00e0 glace pro, machine \u00e0 sucettes glac\u00e9e made in france\",\"description\":\"Achetez Francais c&#039;est moins cher !\",\"alternateName\":\"Machine \u00e0 glace Gris , soft , hard elles sont toute l\u00e0\",\"potentialAction\":[{\"@type\":\"SearchAction\",\"target\":{\"@type\":\"EntryPoint\",\"urlTemplate\":\"https:\\\/\\\/www.gris.fr\\\/fr\\\/?s={search_term_string}\"},\"query-input\":{\"@type\":\"PropertyValueSpecification\",\"valueRequired\":true,\"valueName\":\"search_term_string\"}}],\"inLanguage\":\"fr-FR\"}]}<\/script>\n<!-- \/ Yoast SEO plugin. -->","yoast_head_json":{"title":"mentions legales - Gris Constructeur Francais de machine \u00e0 glace \u00e0 l&#039;italienne","robots":{"index":"index","follow":"follow","max-snippet":"max-snippet:-1","max-image-preview":"max-image-preview:large","max-video-preview":"max-video-preview:-1"},"canonical":"https:\/\/www.gris.fr\/fr\/mentions-legales\/","og_locale":"fr_FR","og_type":"article","og_title":"mentions legales - Gris Constructeur Francais de machine \u00e0 glace \u00e0 l&#039;italienne","og_description":"&nbsp; &nbsp; Mentions L\u00e9gales \u00c9diteur du site S.A.R.L. GRIS 2 Impasse des Pierrailles 43100 Cohade, France T\u00e9l\u00e9phone : 04.71.50.47.40 SIREN : 538 101 312 RCS : Puy-en-Velay Directeur de la publication Fabien Gris, Responsable du site H\u00e9bergement o2switch 222 Boulevard Gustave Flaubert 63000 Clermont-Ferrand, France www.o2switch.fr Propri\u00e9t\u00e9 intellectuelle L&rsquo;ensemble du contenu de ce site (textes, ... Lire la suite","og_url":"https:\/\/www.gris.fr\/fr\/mentions-legales\/","og_site_name":"Gris Constructeur Francais de machine \u00e0 glace \u00e0 l&#039;italienne","og_image":[{"width":500,"height":500,"url":"https:\/\/www.gris.fr\/fr\/wp-content\/uploads\/2024\/03\/logo-Gris-machine-a-glace-a-litalienne.jpg","type":"image\/jpeg"}],"twitter_card":"summary_large_image","twitter_misc":{"Dur\u00e9e de lecture estim\u00e9e":"1 minute"},"schema":{"@context":"https:\/\/schema.org","@graph":[{"@type":"WebPage","@id":"https:\/\/www.gris.fr\/fr\/mentions-legales\/","url":"https:\/\/www.gris.fr\/fr\/mentions-legales\/","name":"mentions legales - Gris Constructeur Francais de machine \u00e0 glace \u00e0 l&#039;italienne","isPartOf":{"@id":"https:\/\/www.gris.fr\/fr\/#website"},"datePublished":"2026-04-11T06:23:01+00:00","breadcrumb":{"@id":"https:\/\/www.gris.fr\/fr\/mentions-legales\/#breadcrumb"},"inLanguage":"fr-FR","potentialAction":[{"@type":"ReadAction","target":["https:\/\/www.gris.fr\/fr\/mentions-legales\/"]}]},{"@type":"BreadcrumbList","@id":"https:\/\/www.gris.fr\/fr\/mentions-legales\/#breadcrumb","itemListElement":[{"@type":"ListItem","position":1,"name":"Accueil","item":"https:\/\/www.gris.fr\/fr\/"},{"@type":"ListItem","position":2,"name":"mentions legales"}]},{"@type":"WebSite","@id":"https:\/\/www.gris.fr\/fr\/#website","url":"https:\/\/www.gris.fr\/fr\/","name":"Gris Machine \u00e0 glace \u00e0 l'italienne , turbine \u00e0 glace pro, machine \u00e0 sucettes glac\u00e9e made in france","description":"Achetez Francais c&#039;est moins cher !","alternateName":"Machine \u00e0 glace Gris , soft , hard elles sont toute l\u00e0","potentialAction":[{"@type":"SearchAction","target":{"@type":"EntryPoint","urlTemplate":"https:\/\/www.gris.fr\/fr\/?s={search_term_string}"},"query-input":{"@type":"PropertyValueSpecification","valueRequired":true,"valueName":"search_term_string"}}],"inLanguage":"fr-FR"}]}},"_links":{"self":[{"href":"https:\/\/www.gris.fr\/fr\/wp-json\/wp\/v2\/pages\/1052","targetHints":{"allow":["GET"]}}],"collection":[{"href":"https:\/\/www.gris.fr\/fr\/wp-json\/wp\/v2\/pages"}],"about":[{"href":"https:\/\/www.gris.fr\/fr\/wp-json\/wp\/v2\/types\/page"}],"author":[{"embeddable":true,"href":"https:\/\/www.gris.fr\/fr\/wp-json\/wp\/v2\/users\/1"}],"replies":[{"embeddable":true,"href":"https:\/\/www.gris.fr\/fr\/wp-json\/wp\/v2\/comments?post=1052"}],"version-history":[{"count":1,"href":"https:\/\/www.gris.fr\/fr\/wp-json\/wp\/v2\/pages\/1052\/revisions"}],"predecessor-version":[{"id":1053,"href":"https:\/\/www.gris.fr\/fr\/wp-json\/wp\/v2\/pages\/1052\/revisions\/1053"}],"wp:attachment":[{"href":"https:\/\/www.gris.fr\/fr\/wp-json\/wp\/v2\/media?parent=1052"}],"curies":[{"name":"wp","href":"https:\/\/api.w.org\/{rel}","templated":true}]}}